{"id":13979,"date":"2026-04-26T21:02:49","date_gmt":"2026-04-27T03:02:49","guid":{"rendered":"https:\/\/soportesitv.com\/?product=licencia-estacion-cliente-web-aurora-de-keyscan"},"modified":"2026-04-26T21:02:49","modified_gmt":"2026-04-27T03:02:49","slug":"licencia-estacion-cliente-web-aurora-de-keyscan","status":"publish","type":"product","link":"https:\/\/soportesitv.com\/?product=licencia-estacion-cliente-web-aurora-de-keyscan","title":{"rendered":"Licencia Estaci\u00f3n Cliente- Web Aurora de Keyscan"},"content":{"rendered":"<div style='width: 100%; max-width: 1200px; margin: 0 auto; font-family: sans-serif; line-height: 1.6; color: inherit; background-color: transparent;'>\n<div style='display: flex; flex-wrap: wrap; gap: 30px; margin-bottom: 30px;'>\n<div style='flex: 1 1 300px; min-width: 280px;'>\n<h3 style='font-size: 22px; border-bottom: 2px solid currentColor; padding-bottom: 5px; margin-top: 0; color: inherit; opacity: 0.8;'>Descripci\u00f3n general<\/h3>\n<p style='font-size: 15px; color: inherit; margin-bottom: 15px;'> Aurora Web-Cliente (control de acceso basado en la web) de Aurora Web-cliente de interfaz de add-on le permite gestionar su sistema de control de acceso para cualquier de sus instalaciones en cualquier momento&comma; desde cualquier ordenador con conexi\u00f3n a Internet o m\u00f3vil dispositivo. Sigue siendo la soluci\u00f3n ideal para aquellos que necesitan movilidad. <\/p>\n<p> <img style='width: 100%; height: auto; border: 1px solid rgba(150&comma;150&comma;150&comma;0.3); border-radius: 8px;' src='http:\/\/ftp3.syscom.mx\/usuarios\/fotos\/TSCOMP\/69999-dorma-kaba-logo-data.gif' alt=''> <\/div>\n<\/p><\/div>\n<div style='display: flex; flex-wrap: wrap; gap: 20px; margin-bottom: 30px;'>\n<div style='flex: 1 1 250px; border: 1px solid rgba(150&comma; 150&comma; 150&comma; 0.4); border-radius: 8px; overflow: hidden; display: flex; flex-direction: column;'>\n<div style='padding: 15px; border-bottom: 1px solid rgba(150&comma; 150&comma; 150&comma; 0.2); font-weight: bold; font-size: 18px; color: inherit;'>Funcionalidades<\/div>\n<div style='padding: 15px; color: inherit;'>\n<ul style='padding-left: 20px; margin: 0; font-size: 14px; list-style-type: disc;'>\n<li style='margin-bottom: 5px;'>Crear&comma; editar y borrar registros de personas<\/li>\n<li style='margin-bottom: 5px;'>A\u00f1adir&comma; editar o borrar informaci\u00f3n de credenciales<\/li>\n<li style='margin-bottom: 5px;'>Planificar&comma; gestionar o citas visita visi\u00f3n<\/li>\n<li style='margin-bottom: 5px;'>Asignar credenciales a grupos para la puerta del ascensor y acceso a la planta<\/li>\n<li style='margin-bottom: 5px;'>Crear&comma; editar o borrar los horarios para la regulaci\u00f3n de los tiempos de acceso<\/li>\n<li style='margin-bottom: 5px;'>Asignar grupos de puertas \/ pisos de elevador y horarios<\/li>\n<li style='margin-bottom: 5px;'>Ver el estado de la puerta con funciones de mando &#8211; bloquear&comma; desbloquear&comma; desbloqueo de pulso y temporizada estado de baja<\/li>\n<li style='margin-bottom: 5px;'>Vista ascensor con funciones de mando &#8211; seguro&comma; no seguro&comma; programado no segura<\/li>\n<li style='margin-bottom: 5px;'>Ver las transacciones en l\u00ednea para la actividad del sitio<\/li>\n<\/ul><\/div>\n<\/p><\/div>\n<div style='flex: 1 1 250px; border: 1px solid rgba(150&comma; 150&comma; 150&comma; 0.4); border-radius: 8px; overflow: hidden; display: flex; flex-direction: column;'>\n<div style='padding: 15px; border-bottom: 1px solid rgba(150&comma; 150&comma; 150&comma; 0.2); font-weight: bold; font-size: 18px; color: inherit;'>Requisitos<\/div>\n<div style='padding: 15px; color: inherit;'>\n<ul style='padding-left: 20px; margin: 0; font-size: 14px; list-style-type: disc;'>\n<li style='margin-bottom: 5px;'><strong>Requiere software <a href='https:\/\/www.syscom.mx\/principal\/searchcont?route=AURORADOR-DORMAKABA-88925&#038;autodetect=aurora' target='_blank' style='color: inherit; text-decoration: underline;'>AURORADOR<\/a>.<\/strong><\/li>\n<\/ul><\/div>\n<\/p><\/div>\n<div style='flex: 1 1 250px; border: 1px solid rgba(150&comma; 150&comma; 150&comma; 0.4); border-radius: 8px; overflow: hidden; display: flex; flex-direction: column;'>\n<div style='padding: 15px; border-bottom: 1px solid rgba(150&comma; 150&comma; 150&comma; 0.2); font-weight: bold; font-size: 18px; color: inherit;'>Informaci\u00f3n adicional<\/div>\n<div style='padding: 15px; color: inherit;'>\n<ul style='padding-left: 20px; margin: 0; font-size: 14px; list-style-type: disc;'>\n<li style='margin-bottom: 5px;'>Producto sobre pedido<\/li>\n<\/ul><\/div>\n<\/p><\/div>\n<\/p><\/div>\n<hr style='border: 0; border-top: 1px solid rgba(150&comma; 150&comma; 150&comma; 0.3); margin: 30px 0;'> <\/div>\n","protected":false},"excerpt":{"rendered":"<p>Licencia Estaci\u00f3n Cliente- Web Aurora de Keyscan<\/p>\n","protected":false},"featured_media":13978,"comment_status":"open","ping_status":"closed","template":"","meta":[],"product_brand":[],"product_cat":[1249],"product_tag":[1250,1598,1058],"class_list":{"0":"post-13979","1":"product","2":"type-product","3":"status-publish","4":"has-post-thumbnail","6":"product_cat-controladores-de-acceso","7":"product_tag-controladores-de-acceso","8":"product_tag-keyscan-dormakaba","9":"product_tag-paneles-de-control-de-acceso","11":"first","12":"instock","13":"sale","14":"shipping-taxable","15":"purchasable","16":"product-type-simple"},"_links":{"self":[{"href":"https:\/\/soportesitv.com\/index.php?rest_route=\/wp\/v2\/product\/13979","targetHints":{"allow":["GET"]}}],"collection":[{"href":"https:\/\/soportesitv.com\/index.php?rest_route=\/wp\/v2\/product"}],"about":[{"href":"https:\/\/soportesitv.com\/index.php?rest_route=\/wp\/v2\/types\/product"}],"replies":[{"embeddable":true,"href":"https:\/\/soportesitv.com\/index.php?rest_route=%2Fwp%2Fv2%2Fcomments&post=13979"}],"version-history":[{"count":0,"href":"https:\/\/soportesitv.com\/index.php?rest_route=\/wp\/v2\/product\/13979\/revisions"}],"wp:featuredmedia":[{"embeddable":true,"href":"https:\/\/soportesitv.com\/index.php?rest_route=\/wp\/v2\/media\/13978"}],"wp:attachment":[{"href":"https:\/\/soportesitv.com\/index.php?rest_route=%2Fwp%2Fv2%2Fmedia&parent=13979"}],"wp:term":[{"taxonomy":"product_brand","embeddable":true,"href":"https:\/\/soportesitv.com\/index.php?rest_route=%2Fwp%2Fv2%2Fproduct_brand&post=13979"},{"taxonomy":"product_cat","embeddable":true,"href":"https:\/\/soportesitv.com\/index.php?rest_route=%2Fwp%2Fv2%2Fproduct_cat&post=13979"},{"taxonomy":"product_tag","embeddable":true,"href":"https:\/\/soportesitv.com\/index.php?rest_route=%2Fwp%2Fv2%2Fproduct_tag&post=13979"}],"curies":[{"name":"wp","href":"https:\/\/api.w.org\/{rel}","templated":true}]}}